{"id":678,"date":"2014-02-18T15:44:37","date_gmt":"2014-02-18T14:44:37","guid":{"rendered":"http:\/\/www.omstrap.it\/?page_id=678"},"modified":"2018-07-25T10:57:01","modified_gmt":"2018-07-25T08:57:01","slug":"oms-unsere-gruppe","status":"publish","type":"page","link":"https:\/\/www.omstrap.it\/de\/oms-unsere-gruppe\/","title":{"rendered":"OMS: Unsere Gruppe"},"content":{"rendered":"<p>Die Gruppe ist neben dem Haupt Unternehmen, mit 10 Vertretungen , in Europa ,Amerika und Asien vertreten.<\/p>\n<p><a title=\"OMS Group\" href=\"http:\/\/www.omsspa.com\/\" target=\"_blank\">OMS GROUP<\/a> bietet die vollst\u00e4ndige Palette von Verpackungsmaschinen .Komplette Systeme f\u00fcr die Umreifung, Schrumpfen und Stretchen sind Ihre St\u00e4rken.<\/p>\n<p>Ein Markt, der mehr und mehr auf anspruchsvolle Entscheidungen in wirtschaftlicher Hinsicht ist, Qualit\u00e4t und Produktion, Zuarbeit bei <a title=\"OMS Group\" href=\"http:\/\/www.omsspa.com\/\" target=\"_blank\">OMS GROUP<\/a> zu einer Suche nach der Optimierung der Funktionalit\u00e4t der Maschinen, mit dem Ziel der Senkung der Produktkosten.<\/p>\n<p><a title=\"OMS Group\" href=\"http:\/\/www.omsspa.com\/\" target=\"_blank\">OMS GROUP<\/a> in Italien besteht aus 3 unabh\u00e4ngigen operativen Gesellschaften, die in den Gebieten mit dem gr\u00f6\u00dftem Interesse im Bereich der Verpackung operiert.<\/p>\n<ul>\n<li>OMS Officina Meccanica Sestese <a title=\"OMS Group\" href=\"http:\/\/www.omsspa.com\/prodotti.php\" target=\"_blank\">Produktion von Maschinen und Anlagen von Line-End-Verpackungen<\/a>.<\/li>\n<li>Omstrap Produktion von PP-und PET-Band<\/li>\n<li>Marpak Produktion di <a title=\"Marpak\" href=\"http:\/\/www.marpak.it\/it\/macchine\/speciale-ceramiche\/index.html\" target=\"_blank\">von Verpackungsmaschinen f\u00fcr die Keramik<\/a><\/li>\n<\/ul>\n","protected":false},"excerpt":{"rendered":"<p>Die Gruppe ist neben dem Haupt Unternehmen, mit 10 Vertretungen [&hellip;]<\/p>\n","protected":false},"author":4,"featured_media":0,"parent":0,"menu_order":26,"comment_status":"open","ping_status":"open","template":"","meta":{"footnotes":""},"class_list":["post-678","page","type-page","status-publish","hentry"],"yoast_head":"<!-- This site is optimized with the Yoast SEO plugin v27.5 - https:\/\/yoast.com\/product\/yoast-seo-wordpress\/ -->\n<title>OMS: Unsere Gruppe - OMS Trap<\/title>\n<meta name=\"description\" content=\"Die Gruppe ist neben dem Haupt Unternehmen, mit 10 Vertretungen , in Europa ,Amerika und Asien vertreten. OMS GROUP bietet die vollst\u00e4ndige Palette von\" \/>\n<meta name=\"robots\" content=\"index, follow, max-snippet:-1, max-image-preview:large, max-video-preview:-1\" \/>\n<link rel=\"canonical\" href=\"https:\/\/www.omstrap.it\/il-gruppo-oms\/\" \/>\n<meta property=\"og:locale\" content=\"de_DE\" \/>\n<meta property=\"og:type\" content=\"article\" \/>\n<meta property=\"og:title\" content=\"OMS: Unsere Gruppe - OMS Trap\" \/>\n<meta property=\"og:description\" content=\"Die Gruppe ist neben dem Haupt Unternehmen, mit 10 Vertretungen , in Europa ,Amerika und Asien vertreten. OMS GROUP bietet die vollst\u00e4ndige Palette von\" \/>\n<meta property=\"og:url\" content=\"https:\/\/www.omstrap.it\/il-gruppo-oms\/\" \/>\n<meta property=\"og:site_name\" content=\"OMS Trap\" \/>\n<meta property=\"article:modified_time\" content=\"2018-07-25T08:57:01+00:00\" \/>\n<meta name=\"twitter:label1\" content=\"Gesch\u00e4tzte Lesezeit\" \/>\n\t<meta name=\"twitter:data1\" content=\"1\u00a0Minute\" \/>\n<script type=\"application\/ld+json\" class=\"yoast-schema-graph\">{\"@context\":\"https:\\\/\\\/schema.org\",\"@graph\":[{\"@type\":\"WebPage\",\"@id\":\"https:\\\/\\\/www.omstrap.it\\\/il-gruppo-oms\\\/\",\"url\":\"https:\\\/\\\/www.omstrap.it\\\/il-gruppo-oms\\\/\",\"name\":\"OMS: Unsere Gruppe - OMS Trap\",\"isPartOf\":{\"@id\":\"https:\\\/\\\/www.omstrap.it\\\/#website\"},\"datePublished\":\"2014-02-18T14:44:37+00:00\",\"dateModified\":\"2018-07-25T08:57:01+00:00\",\"description\":\"Die Gruppe ist neben dem Haupt Unternehmen, mit 10 Vertretungen , in Europa ,Amerika und Asien vertreten. OMS GROUP bietet die vollst\u00e4ndige Palette von\",\"breadcrumb\":{\"@id\":\"https:\\\/\\\/www.omstrap.it\\\/il-gruppo-oms\\\/#breadcrumb\"},\"inLanguage\":\"de\",\"potentialAction\":[{\"@type\":\"ReadAction\",\"target\":[\"https:\\\/\\\/www.omstrap.it\\\/il-gruppo-oms\\\/\"]}]},{\"@type\":\"BreadcrumbList\",\"@id\":\"https:\\\/\\\/www.omstrap.it\\\/il-gruppo-oms\\\/#breadcrumb\",\"itemListElement\":[{\"@type\":\"ListItem\",\"position\":1,\"name\":\"Home\",\"item\":\"https:\\\/\\\/www.omstrap.it\\\/\"},{\"@type\":\"ListItem\",\"position\":2,\"name\":\"OMS: Unsere Gruppe\"}]},{\"@type\":\"WebSite\",\"@id\":\"https:\\\/\\\/www.omstrap.it\\\/#website\",\"url\":\"https:\\\/\\\/www.omstrap.it\\\/\",\"name\":\"OMS Trap\",\"description\":\"\",\"potentialAction\":[{\"@type\":\"SearchAction\",\"target\":{\"@type\":\"EntryPoint\",\"urlTemplate\":\"https:\\\/\\\/www.omstrap.it\\\/?s={search_term_string}\"},\"query-input\":{\"@type\":\"PropertyValueSpecification\",\"valueRequired\":true,\"valueName\":\"search_term_string\"}}],\"inLanguage\":\"de\"}]}<\/script>\n<!-- \/ Yoast SEO plugin. -->","yoast_head_json":{"title":"OMS: Unsere Gruppe - OMS Trap","description":"Die Gruppe ist neben dem Haupt Unternehmen, mit 10 Vertretungen , in Europa ,Amerika und Asien vertreten. OMS GROUP bietet die vollst\u00e4ndige Palette von","robots":{"index":"index","follow":"follow","max-snippet":"max-snippet:-1","max-image-preview":"max-image-preview:large","max-video-preview":"max-video-preview:-1"},"canonical":"https:\/\/www.omstrap.it\/il-gruppo-oms\/","og_locale":"de_DE","og_type":"article","og_title":"OMS: Unsere Gruppe - OMS Trap","og_description":"Die Gruppe ist neben dem Haupt Unternehmen, mit 10 Vertretungen , in Europa ,Amerika und Asien vertreten. OMS GROUP bietet die vollst\u00e4ndige Palette von","og_url":"https:\/\/www.omstrap.it\/il-gruppo-oms\/","og_site_name":"OMS Trap","article_modified_time":"2018-07-25T08:57:01+00:00","twitter_misc":{"Gesch\u00e4tzte Lesezeit":"1\u00a0Minute"},"schema":{"@context":"https:\/\/schema.org","@graph":[{"@type":"WebPage","@id":"https:\/\/www.omstrap.it\/il-gruppo-oms\/","url":"https:\/\/www.omstrap.it\/il-gruppo-oms\/","name":"OMS: Unsere Gruppe - OMS Trap","isPartOf":{"@id":"https:\/\/www.omstrap.it\/#website"},"datePublished":"2014-02-18T14:44:37+00:00","dateModified":"2018-07-25T08:57:01+00:00","description":"Die Gruppe ist neben dem Haupt Unternehmen, mit 10 Vertretungen , in Europa ,Amerika und Asien vertreten. OMS GROUP bietet die vollst\u00e4ndige Palette von","breadcrumb":{"@id":"https:\/\/www.omstrap.it\/il-gruppo-oms\/#breadcrumb"},"inLanguage":"de","potentialAction":[{"@type":"ReadAction","target":["https:\/\/www.omstrap.it\/il-gruppo-oms\/"]}]},{"@type":"BreadcrumbList","@id":"https:\/\/www.omstrap.it\/il-gruppo-oms\/#breadcrumb","itemListElement":[{"@type":"ListItem","position":1,"name":"Home","item":"https:\/\/www.omstrap.it\/"},{"@type":"ListItem","position":2,"name":"OMS: Unsere Gruppe"}]},{"@type":"WebSite","@id":"https:\/\/www.omstrap.it\/#website","url":"https:\/\/www.omstrap.it\/","name":"OMS Trap","description":"","potentialAction":[{"@type":"SearchAction","target":{"@type":"EntryPoint","urlTemplate":"https:\/\/www.omstrap.it\/?s={search_term_string}"},"query-input":{"@type":"PropertyValueSpecification","valueRequired":true,"valueName":"search_term_string"}}],"inLanguage":"de"}]}},"_links":{"self":[{"href":"https:\/\/www.omstrap.it\/de\/wp-json\/wp\/v2\/pages\/678","targetHints":{"allow":["GET"]}}],"collection":[{"href":"https:\/\/www.omstrap.it\/de\/wp-json\/wp\/v2\/pages"}],"about":[{"href":"https:\/\/www.omstrap.it\/de\/wp-json\/wp\/v2\/types\/page"}],"author":[{"embeddable":true,"href":"https:\/\/www.omstrap.it\/de\/wp-json\/wp\/v2\/users\/4"}],"replies":[{"embeddable":true,"href":"https:\/\/www.omstrap.it\/de\/wp-json\/wp\/v2\/comments?post=678"}],"version-history":[{"count":6,"href":"https:\/\/www.omstrap.it\/de\/wp-json\/wp\/v2\/pages\/678\/revisions"}],"predecessor-version":[{"id":2723,"href":"https:\/\/www.omstrap.it\/de\/wp-json\/wp\/v2\/pages\/678\/revisions\/2723"}],"wp:attachment":[{"href":"https:\/\/www.omstrap.it\/de\/wp-json\/wp\/v2\/media?parent=678"}],"curies":[{"name":"wp","href":"https:\/\/api.w.org\/{rel}","templated":true}]}}