{"id":684,"date":"2014-02-18T15:45:33","date_gmt":"2014-02-18T14:45:33","guid":{"rendered":"http:\/\/www.omstrap.it\/?page_id=684"},"modified":"2014-02-20T15:24:37","modified_gmt":"2014-02-20T14:24:37","slug":"umreifungsband","status":"publish","type":"page","link":"https:\/\/www.omstrap.it\/de\/umreifungsband\/","title":{"rendered":"Umreifungsband"},"content":{"rendered":"\n\t\t\t<div class=\"row\">\n\t\t    \t<h4 class=\"oswald caps font-weight3 letter-spacing8\">PET (Polyester) Band Produktion<\/h4>\n\t\t    \t<hr class=\"style-one gray min-quarter\">\n\t\t    \t<div class=\"clearfix\"><\/div>\n\t\t\t<\/div>\t\t\n\t\t\n<div class=\"row-fluid\">\n<div class=\"span4\"><img loading=\"lazy\" decoding=\"async\" class=\"alignleft size-full wp-image-111\" alt=\"PET (Polyester) Band\" src=\"http:\/\/www.omstrap.it\/wp-content\/uploads\/2013\/08\/reggetta-poliestere-pet.jpg\" width=\"264\" height=\"172\" \/><\/div>\n<div class=\"span7\">\n<h3>Technische Daten<\/h3>\n<p><strong>Verwendetes Material<\/strong>: Polyester(PET)<br \/>\n<strong>Gewicht<\/strong>: 1,38 g\/mm<sup>3<\/sup><br \/>\n<strong>Reisskraft<\/strong>: 400-500 N\/mm<sup>2<\/sup><br \/>\n<strong>Elastizit\u00e4t<\/strong>: 10-15%<br \/>\n<strong>Betriebstemperatur<\/strong>: da -20\u00b0C a +120\u00b0C<\/p>\n<\/div>\n<div class=\"row-fluid\">\n<div class=\"span12\">Die hohe Festigkeit von PET-B\u00e4ndern, kann sowohl Polypropylenband (im Falle der \u00fcberm\u00e4\u00dfigen Stress) und Stahlband ersetzen. Die Verwendung dieser B\u00e4nder gew\u00e4hrleistet vollst\u00e4ndige Sicherheit w\u00e4hrend des Transports.<\/div>\n<\/div>\n\n\t\t\t<div class=\"clearfix\"><\/div>\n\t\t\t<div class=\"row text-center margin-top3 margin-bottom6\">\n\t\t\t\t<a href=\"http:\/\/www.omstrap.it\/wp-content\/uploads\/1.pdf\"  target=\"_blank\" class=\"button17\">Scarica scheda tecnica &nbsp;&nbsp;<i class=\"fa fa-download\" aria-hidden=\"true\"><\/i><\/a>\n\t\t\t<\/div>\t\n\t\t\t<div class=\"clearfix\"><\/div>\t\n\t\t\n<\/div>\n\n\t\t\t<div class=\"row\">\n\t\t    \t<h4 class=\"oswald caps font-weight3 letter-spacing8\">Polipropilen(PP) Band Produktion<\/h4>\n\t\t    \t<hr class=\"style-one gray min-quarter\">\n\t\t    \t<div class=\"clearfix\"><\/div>\n\t\t\t<\/div>\t\t\n\t\t\n<div class=\"row-fluid\">\n<div class=\"span4\"><img loading=\"lazy\" decoding=\"async\" class=\"alignleft size-full wp-image-112\" alt=\"Polipropilen(PP) Band Produktion\" src=\"http:\/\/www.omstrap.it\/wp-content\/uploads\/2013\/08\/reggetta-polipropilene-pp.jpg\" width=\"264\" height=\"172\" \/><\/div>\n<div class=\"span8\">\n<h3>Technische Daten<\/h3>\n<p><strong>Verwendetes Material <\/strong>: polipropilene (PP) 100%<br \/>\n<strong>R\u00fcckstellkraft<\/strong>: 90-95%<br \/>\n<strong>Toleranz<\/strong>: 5%<br \/>\n<strong>Elastizit\u00e4t<\/strong>: 15-25%<br \/>\n<strong>Betriebstemperatur<\/strong>: da -20\u00b0C a +60\u00b0C<br \/>\n<strong>Standard Farbe<\/strong>: schwarz und weiss<\/p>\n<\/div>\n<div class=\"row-fluid\">\n<div class=\"span12\">Druck auf Anfrage, 2 Farben und Logo je nach Kundenvorgabe , Recycelbar zu 100%,Nicht toxisches Produkt (keine Zusatzstoffe)mit hoher Chemischer Stabilit\u00e4t,Biologisch abbaubar.<\/div>\n\n\t\t\t<div class=\"clearfix\"><\/div>\n\t\t\t<div class=\"row text-center margin-top3 margin-bottom6\">\n\t\t\t\t<a href=\"http:\/\/www.omstrap.it\/wp-content\/uploads\/2.pdf\"  target=\"_blank\" class=\"button17\">Scarica scheda tecnica &nbsp;&nbsp;<i class=\"fa fa-download\" aria-hidden=\"true\"><\/i><\/a>\n\t\t\t<\/div>\t\n\t\t\t<div class=\"clearfix\"><\/div>\t\n\t\t\n<\/div>\n<\/div>\n\n\t\t\t<div class=\"row\">\n\t\t    \t<h4 class=\"oswald caps font-weight3 letter-spacing8\">Textil-, Hotmelt-und Composite-B\u00e4nder<\/h4>\n\t\t    \t<hr class=\"style-one gray min-quarter\">\n\t\t    \t<div class=\"clearfix\"><\/div>\n\t\t\t<\/div>\t\t\n\t\t\n<div class=\"row-fluid\">\n<div class=\"span4\"><img loading=\"lazy\" decoding=\"async\" class=\"alignleft size-full wp-image-112\" alt=\"Textil-, Hotmelt-und Composite-B\u00e4nder\" src=\"http:\/\/www.omstrap.it\/wp-content\/uploads\/3.jpg\" width=\"264\" height=\"172\" \/><\/div>\n<div class=\"span8\">\n<h3>Technische Daten<\/h3>\n<p><strong>Verwendetes Material <\/strong>: F\u00e4den aus Polyester<\/p>\n<\/div>\n<div class=\"row-fluid\">\n<div class=\"span12\">Druck auf Anfrage, 2 Farben und Logo je nach Kundenvorgabe , Druck nur auf dem composite Band m\u00f6glich<\/div>\n\n\t\t\t<div class=\"clearfix\"><\/div>\n\t\t\t<div class=\"row text-center margin-top3 margin-bottom6\">\n\t\t\t\t<a href=\"http:\/\/www.omstrap.it\/wp-content\/uploads\/3.pdf\"  target=\"_blank\" class=\"button17\">Scarica scheda tecnica &nbsp;&nbsp;<i class=\"fa fa-download\" aria-hidden=\"true\"><\/i><\/a>\n\t\t\t<\/div>\t\n\t\t\t<div class=\"clearfix\"><\/div>\t\n\t\t\n<\/div>\n<\/div>\n","protected":false},"excerpt":{"rendered":"<p>Technische Daten Verwendetes Material: Polyester(PET) Gewicht: 1,38 g\/mm3 Reisskraft: 400-500 [&hellip;]<\/p>\n","protected":false},"author":4,"featured_media":0,"parent":0,"menu_order":45,"comment_status":"open","ping_status":"closed","template":"","meta":{"footnotes":""},"class_list":["post-684","page","type-page","status-publish","hentry"],"yoast_head":"<!-- This site is optimized with the Yoast SEO plugin v27.5 - https:\/\/yoast.com\/product\/yoast-seo-wordpress\/ -->\n<title>Umreifungsband - OMS Trap<\/title>\n<meta name=\"description\" content=\"Technische Daten Verwendetes Material: Polyester(PET) Gewicht: 1,38 g\/mm3 Reisskraft: 400-500 N\/mm2 Elastizit\u00e4t: 10-15% Betriebstemperatur: da -20\u00b0C a\" \/>\n<meta name=\"robots\" content=\"index, follow, max-snippet:-1, max-image-preview:large, max-video-preview:-1\" \/>\n<link rel=\"canonical\" href=\"https:\/\/www.omstrap.it\/reggetta\/\" \/>\n<meta property=\"og:locale\" content=\"de_DE\" \/>\n<meta property=\"og:type\" content=\"article\" \/>\n<meta property=\"og:title\" content=\"Umreifungsband - OMS Trap\" \/>\n<meta property=\"og:description\" content=\"Technische Daten Verwendetes Material: Polyester(PET) Gewicht: 1,38 g\/mm3 Reisskraft: 400-500 N\/mm2 Elastizit\u00e4t: 10-15% Betriebstemperatur: da -20\u00b0C a\" \/>\n<meta property=\"og:url\" content=\"https:\/\/www.omstrap.it\/reggetta\/\" \/>\n<meta property=\"og:site_name\" content=\"OMS Trap\" \/>\n<meta property=\"article:modified_time\" content=\"2014-02-20T14:24:37+00:00\" \/>\n<meta property=\"og:image\" content=\"http:\/\/www.omstrap.it\/wp-content\/uploads\/2013\/08\/reggetta-poliestere-pet.jpg\" \/>\n<meta name=\"twitter:label1\" content=\"Gesch\u00e4tzte Lesezeit\" \/>\n\t<meta name=\"twitter:data1\" content=\"1\u00a0Minute\" \/>\n<script type=\"application\/ld+json\" class=\"yoast-schema-graph\">{\"@context\":\"https:\\\/\\\/schema.org\",\"@graph\":[{\"@type\":\"WebPage\",\"@id\":\"https:\\\/\\\/www.omstrap.it\\\/reggetta\\\/\",\"url\":\"https:\\\/\\\/www.omstrap.it\\\/reggetta\\\/\",\"name\":\"Umreifungsband - OMS Trap\",\"isPartOf\":{\"@id\":\"https:\\\/\\\/www.omstrap.it\\\/#website\"},\"primaryImageOfPage\":{\"@id\":\"https:\\\/\\\/www.omstrap.it\\\/reggetta\\\/#primaryimage\"},\"image\":{\"@id\":\"https:\\\/\\\/www.omstrap.it\\\/reggetta\\\/#primaryimage\"},\"thumbnailUrl\":\"http:\\\/\\\/www.omstrap.it\\\/wp-content\\\/uploads\\\/2013\\\/08\\\/reggetta-poliestere-pet.jpg\",\"datePublished\":\"2014-02-18T14:45:33+00:00\",\"dateModified\":\"2014-02-20T14:24:37+00:00\",\"description\":\"Technische Daten Verwendetes Material: Polyester(PET) Gewicht: 1,38 g\\\/mm3 Reisskraft: 400-500 N\\\/mm2 Elastizit\u00e4t: 10-15% Betriebstemperatur: da -20\u00b0C a\",\"breadcrumb\":{\"@id\":\"https:\\\/\\\/www.omstrap.it\\\/reggetta\\\/#breadcrumb\"},\"inLanguage\":\"de\",\"potentialAction\":[{\"@type\":\"ReadAction\",\"target\":[\"https:\\\/\\\/www.omstrap.it\\\/reggetta\\\/\"]}]},{\"@type\":\"ImageObject\",\"inLanguage\":\"de\",\"@id\":\"https:\\\/\\\/www.omstrap.it\\\/reggetta\\\/#primaryimage\",\"url\":\"http:\\\/\\\/www.omstrap.it\\\/wp-content\\\/uploads\\\/2013\\\/08\\\/reggetta-poliestere-pet.jpg\",\"contentUrl\":\"http:\\\/\\\/www.omstrap.it\\\/wp-content\\\/uploads\\\/2013\\\/08\\\/reggetta-poliestere-pet.jpg\"},{\"@type\":\"BreadcrumbList\",\"@id\":\"https:\\\/\\\/www.omstrap.it\\\/reggetta\\\/#breadcrumb\",\"itemListElement\":[{\"@type\":\"ListItem\",\"position\":1,\"name\":\"Home\",\"item\":\"https:\\\/\\\/www.omstrap.it\\\/\"},{\"@type\":\"ListItem\",\"position\":2,\"name\":\"Umreifungsband\"}]},{\"@type\":\"WebSite\",\"@id\":\"https:\\\/\\\/www.omstrap.it\\\/#website\",\"url\":\"https:\\\/\\\/www.omstrap.it\\\/\",\"name\":\"OMS Trap\",\"description\":\"\",\"potentialAction\":[{\"@type\":\"SearchAction\",\"target\":{\"@type\":\"EntryPoint\",\"urlTemplate\":\"https:\\\/\\\/www.omstrap.it\\\/?s={search_term_string}\"},\"query-input\":{\"@type\":\"PropertyValueSpecification\",\"valueRequired\":true,\"valueName\":\"search_term_string\"}}],\"inLanguage\":\"de\"}]}<\/script>\n<!-- \/ Yoast SEO plugin. -->","yoast_head_json":{"title":"Umreifungsband - OMS Trap","description":"Technische Daten Verwendetes Material: Polyester(PET) Gewicht: 1,38 g\/mm3 Reisskraft: 400-500 N\/mm2 Elastizit\u00e4t: 10-15% Betriebstemperatur: da -20\u00b0C a","robots":{"index":"index","follow":"follow","max-snippet":"max-snippet:-1","max-image-preview":"max-image-preview:large","max-video-preview":"max-video-preview:-1"},"canonical":"https:\/\/www.omstrap.it\/reggetta\/","og_locale":"de_DE","og_type":"article","og_title":"Umreifungsband - OMS Trap","og_description":"Technische Daten Verwendetes Material: Polyester(PET) Gewicht: 1,38 g\/mm3 Reisskraft: 400-500 N\/mm2 Elastizit\u00e4t: 10-15% Betriebstemperatur: da -20\u00b0C a","og_url":"https:\/\/www.omstrap.it\/reggetta\/","og_site_name":"OMS Trap","article_modified_time":"2014-02-20T14:24:37+00:00","og_image":[{"url":"http:\/\/www.omstrap.it\/wp-content\/uploads\/2013\/08\/reggetta-poliestere-pet.jpg","type":"","width":"","height":""}],"twitter_misc":{"Gesch\u00e4tzte Lesezeit":"1\u00a0Minute"},"schema":{"@context":"https:\/\/schema.org","@graph":[{"@type":"WebPage","@id":"https:\/\/www.omstrap.it\/reggetta\/","url":"https:\/\/www.omstrap.it\/reggetta\/","name":"Umreifungsband - OMS Trap","isPartOf":{"@id":"https:\/\/www.omstrap.it\/#website"},"primaryImageOfPage":{"@id":"https:\/\/www.omstrap.it\/reggetta\/#primaryimage"},"image":{"@id":"https:\/\/www.omstrap.it\/reggetta\/#primaryimage"},"thumbnailUrl":"http:\/\/www.omstrap.it\/wp-content\/uploads\/2013\/08\/reggetta-poliestere-pet.jpg","datePublished":"2014-02-18T14:45:33+00:00","dateModified":"2014-02-20T14:24:37+00:00","description":"Technische Daten Verwendetes Material: Polyester(PET) Gewicht: 1,38 g\/mm3 Reisskraft: 400-500 N\/mm2 Elastizit\u00e4t: 10-15% Betriebstemperatur: da -20\u00b0C a","breadcrumb":{"@id":"https:\/\/www.omstrap.it\/reggetta\/#breadcrumb"},"inLanguage":"de","potentialAction":[{"@type":"ReadAction","target":["https:\/\/www.omstrap.it\/reggetta\/"]}]},{"@type":"ImageObject","inLanguage":"de","@id":"https:\/\/www.omstrap.it\/reggetta\/#primaryimage","url":"http:\/\/www.omstrap.it\/wp-content\/uploads\/2013\/08\/reggetta-poliestere-pet.jpg","contentUrl":"http:\/\/www.omstrap.it\/wp-content\/uploads\/2013\/08\/reggetta-poliestere-pet.jpg"},{"@type":"BreadcrumbList","@id":"https:\/\/www.omstrap.it\/reggetta\/#breadcrumb","itemListElement":[{"@type":"ListItem","position":1,"name":"Home","item":"https:\/\/www.omstrap.it\/"},{"@type":"ListItem","position":2,"name":"Umreifungsband"}]},{"@type":"WebSite","@id":"https:\/\/www.omstrap.it\/#website","url":"https:\/\/www.omstrap.it\/","name":"OMS Trap","description":"","potentialAction":[{"@type":"SearchAction","target":{"@type":"EntryPoint","urlTemplate":"https:\/\/www.omstrap.it\/?s={search_term_string}"},"query-input":{"@type":"PropertyValueSpecification","valueRequired":true,"valueName":"search_term_string"}}],"inLanguage":"de"}]}},"_links":{"self":[{"href":"https:\/\/www.omstrap.it\/de\/wp-json\/wp\/v2\/pages\/684","targetHints":{"allow":["GET"]}}],"collection":[{"href":"https:\/\/www.omstrap.it\/de\/wp-json\/wp\/v2\/pages"}],"about":[{"href":"https:\/\/www.omstrap.it\/de\/wp-json\/wp\/v2\/types\/page"}],"author":[{"embeddable":true,"href":"https:\/\/www.omstrap.it\/de\/wp-json\/wp\/v2\/users\/4"}],"replies":[{"embeddable":true,"href":"https:\/\/www.omstrap.it\/de\/wp-json\/wp\/v2\/comments?post=684"}],"version-history":[{"count":3,"href":"https:\/\/www.omstrap.it\/de\/wp-json\/wp\/v2\/pages\/684\/revisions"}],"predecessor-version":[{"id":808,"href":"https:\/\/www.omstrap.it\/de\/wp-json\/wp\/v2\/pages\/684\/revisions\/808"}],"wp:attachment":[{"href":"https:\/\/www.omstrap.it\/de\/wp-json\/wp\/v2\/media?parent=684"}],"curies":[{"name":"wp","href":"https:\/\/api.w.org\/{rel}","templated":true}]}}