{"id":696,"date":"2014-02-18T15:57:13","date_gmt":"2014-02-18T14:57:13","guid":{"rendered":"http:\/\/www.omstrap.it\/?page_id=696"},"modified":"2017-09-27T17:48:00","modified_gmt":"2017-09-27T15:48:00","slug":"service","status":"publish","type":"page","link":"https:\/\/www.omstrap.it\/de\/service\/","title":{"rendered":"Service"},"content":{"rendered":"<p><strong>OMSTRAP<\/strong>\u00a0Erfahrung im Bereich der technischen Hilfe erm\u00f6glicht es uns, dass die Anwendung dieser einfachen Regel Ihre Betriebskosten optimieren k\u00f6nnen und sorgt f\u00fcr Effizienz in der Versorgungskette. <strong>OMSTRAP<\/strong> Vertr\u00e4ge f\u00fcr geplante Unterst\u00fctzung auf die Bed\u00fcrfnisse Ihres Unternehmens anzupassen.<br \/>\n<strong>OMSTRAP<\/strong> bietet auch die M\u00f6glichkeit, ma\u00dfgeschneiderte Leasingvertr\u00e4ge, um Ihre Investition zu optimieren.<\/p>\n<p><strong>Technischer Support<\/strong><br \/>\nDie Strategie der <strong>OMS-Gruppe<\/strong> ist es, in die Humanressourcen zu investieren. Die zentrale Bedeutung dieser Wahl sch\u00fctzt die Kundenzufriedenheit als die Hauptquelle f\u00fcr unser Gesch\u00e4ft. Motiviert und bereit sicherzustellen, genaue und zeitgerechte technische Hilfe.<\/p>\n<p><strong>Originale Ersatzteile<\/strong><br \/>\nDie Geschwindigkeit der Auftragsabwicklung ist durch eine Abdeckung unseres Ersatzteilelagers gew\u00e4hrleistet. Dies erlaubt uns, unser Wachstum im Markt zu unterst\u00fctzen.<\/p>\n","protected":false},"excerpt":{"rendered":"<p>OMSTRAP\u00a0Erfahrung im Bereich der technischen Hilfe erm\u00f6glicht es uns, dass [&hellip;]<\/p>\n","protected":false},"author":4,"featured_media":0,"parent":0,"menu_order":33,"comment_status":"open","ping_status":"open","template":"","meta":{"footnotes":""},"class_list":["post-696","page","type-page","status-publish","hentry"],"yoast_head":"<!-- This site is optimized with the Yoast SEO plugin v27.5 - https:\/\/yoast.com\/product\/yoast-seo-wordpress\/ -->\n<title>Service - OMS Trap<\/title>\n<meta name=\"description\" content=\"OMSTRAP\u00a0Erfahrung im Bereich der technischen Hilfe erm\u00f6glicht es uns, dass die Anwendung dieser einfachen Regel Ihre Betriebskosten optimieren k\u00f6nnen und\" \/>\n<meta name=\"robots\" content=\"index, follow, max-snippet:-1, max-image-preview:large, max-video-preview:-1\" \/>\n<link rel=\"canonical\" href=\"https:\/\/www.omstrap.it\/servizi\/\" \/>\n<meta property=\"og:locale\" content=\"de_DE\" \/>\n<meta property=\"og:type\" content=\"article\" \/>\n<meta property=\"og:title\" content=\"Service - OMS Trap\" \/>\n<meta property=\"og:description\" content=\"OMSTRAP\u00a0Erfahrung im Bereich der technischen Hilfe erm\u00f6glicht es uns, dass die Anwendung dieser einfachen Regel Ihre Betriebskosten optimieren k\u00f6nnen und\" \/>\n<meta property=\"og:url\" content=\"https:\/\/www.omstrap.it\/servizi\/\" \/>\n<meta property=\"og:site_name\" content=\"OMS Trap\" \/>\n<meta property=\"article:modified_time\" content=\"2017-09-27T15:48:00+00:00\" \/>\n<meta name=\"twitter:label1\" content=\"Gesch\u00e4tzte Lesezeit\" \/>\n\t<meta name=\"twitter:data1\" content=\"1\u00a0Minute\" \/>\n<script type=\"application\/ld+json\" class=\"yoast-schema-graph\">{\"@context\":\"https:\\\/\\\/schema.org\",\"@graph\":[{\"@type\":\"WebPage\",\"@id\":\"https:\\\/\\\/www.omstrap.it\\\/servizi\\\/\",\"url\":\"https:\\\/\\\/www.omstrap.it\\\/servizi\\\/\",\"name\":\"Service - OMS Trap\",\"isPartOf\":{\"@id\":\"https:\\\/\\\/www.omstrap.it\\\/#website\"},\"datePublished\":\"2014-02-18T14:57:13+00:00\",\"dateModified\":\"2017-09-27T15:48:00+00:00\",\"description\":\"OMSTRAP\u00a0Erfahrung im Bereich der technischen Hilfe erm\u00f6glicht es uns, dass die Anwendung dieser einfachen Regel Ihre Betriebskosten optimieren k\u00f6nnen und\",\"breadcrumb\":{\"@id\":\"https:\\\/\\\/www.omstrap.it\\\/servizi\\\/#breadcrumb\"},\"inLanguage\":\"de\",\"potentialAction\":[{\"@type\":\"ReadAction\",\"target\":[\"https:\\\/\\\/www.omstrap.it\\\/servizi\\\/\"]}]},{\"@type\":\"BreadcrumbList\",\"@id\":\"https:\\\/\\\/www.omstrap.it\\\/servizi\\\/#breadcrumb\",\"itemListElement\":[{\"@type\":\"ListItem\",\"position\":1,\"name\":\"Home\",\"item\":\"https:\\\/\\\/www.omstrap.it\\\/\"},{\"@type\":\"ListItem\",\"position\":2,\"name\":\"Service\"}]},{\"@type\":\"WebSite\",\"@id\":\"https:\\\/\\\/www.omstrap.it\\\/#website\",\"url\":\"https:\\\/\\\/www.omstrap.it\\\/\",\"name\":\"OMS Trap\",\"description\":\"\",\"potentialAction\":[{\"@type\":\"SearchAction\",\"target\":{\"@type\":\"EntryPoint\",\"urlTemplate\":\"https:\\\/\\\/www.omstrap.it\\\/?s={search_term_string}\"},\"query-input\":{\"@type\":\"PropertyValueSpecification\",\"valueRequired\":true,\"valueName\":\"search_term_string\"}}],\"inLanguage\":\"de\"}]}<\/script>\n<!-- \/ Yoast SEO plugin. -->","yoast_head_json":{"title":"Service - OMS Trap","description":"OMSTRAP\u00a0Erfahrung im Bereich der technischen Hilfe erm\u00f6glicht es uns, dass die Anwendung dieser einfachen Regel Ihre Betriebskosten optimieren k\u00f6nnen und","robots":{"index":"index","follow":"follow","max-snippet":"max-snippet:-1","max-image-preview":"max-image-preview:large","max-video-preview":"max-video-preview:-1"},"canonical":"https:\/\/www.omstrap.it\/servizi\/","og_locale":"de_DE","og_type":"article","og_title":"Service - OMS Trap","og_description":"OMSTRAP\u00a0Erfahrung im Bereich der technischen Hilfe erm\u00f6glicht es uns, dass die Anwendung dieser einfachen Regel Ihre Betriebskosten optimieren k\u00f6nnen und","og_url":"https:\/\/www.omstrap.it\/servizi\/","og_site_name":"OMS Trap","article_modified_time":"2017-09-27T15:48:00+00:00","twitter_misc":{"Gesch\u00e4tzte Lesezeit":"1\u00a0Minute"},"schema":{"@context":"https:\/\/schema.org","@graph":[{"@type":"WebPage","@id":"https:\/\/www.omstrap.it\/servizi\/","url":"https:\/\/www.omstrap.it\/servizi\/","name":"Service - OMS Trap","isPartOf":{"@id":"https:\/\/www.omstrap.it\/#website"},"datePublished":"2014-02-18T14:57:13+00:00","dateModified":"2017-09-27T15:48:00+00:00","description":"OMSTRAP\u00a0Erfahrung im Bereich der technischen Hilfe erm\u00f6glicht es uns, dass die Anwendung dieser einfachen Regel Ihre Betriebskosten optimieren k\u00f6nnen und","breadcrumb":{"@id":"https:\/\/www.omstrap.it\/servizi\/#breadcrumb"},"inLanguage":"de","potentialAction":[{"@type":"ReadAction","target":["https:\/\/www.omstrap.it\/servizi\/"]}]},{"@type":"BreadcrumbList","@id":"https:\/\/www.omstrap.it\/servizi\/#breadcrumb","itemListElement":[{"@type":"ListItem","position":1,"name":"Home","item":"https:\/\/www.omstrap.it\/"},{"@type":"ListItem","position":2,"name":"Service"}]},{"@type":"WebSite","@id":"https:\/\/www.omstrap.it\/#website","url":"https:\/\/www.omstrap.it\/","name":"OMS Trap","description":"","potentialAction":[{"@type":"SearchAction","target":{"@type":"EntryPoint","urlTemplate":"https:\/\/www.omstrap.it\/?s={search_term_string}"},"query-input":{"@type":"PropertyValueSpecification","valueRequired":true,"valueName":"search_term_string"}}],"inLanguage":"de"}]}},"_links":{"self":[{"href":"https:\/\/www.omstrap.it\/de\/wp-json\/wp\/v2\/pages\/696","targetHints":{"allow":["GET"]}}],"collection":[{"href":"https:\/\/www.omstrap.it\/de\/wp-json\/wp\/v2\/pages"}],"about":[{"href":"https:\/\/www.omstrap.it\/de\/wp-json\/wp\/v2\/types\/page"}],"author":[{"embeddable":true,"href":"https:\/\/www.omstrap.it\/de\/wp-json\/wp\/v2\/users\/4"}],"replies":[{"embeddable":true,"href":"https:\/\/www.omstrap.it\/de\/wp-json\/wp\/v2\/comments?post=696"}],"version-history":[{"count":3,"href":"https:\/\/www.omstrap.it\/de\/wp-json\/wp\/v2\/pages\/696\/revisions"}],"predecessor-version":[{"id":2419,"href":"https:\/\/www.omstrap.it\/de\/wp-json\/wp\/v2\/pages\/696\/revisions\/2419"}],"wp:attachment":[{"href":"https:\/\/www.omstrap.it\/de\/wp-json\/wp\/v2\/media?parent=696"}],"curies":[{"name":"wp","href":"https:\/\/api.w.org\/{rel}","templated":true}]}}