{"id":662,"date":"2014-02-18T15:32:41","date_gmt":"2014-02-18T14:32:41","guid":{"rendered":"http:\/\/www.omstrap.it\/?page_id=662"},"modified":"2017-09-25T12:06:08","modified_gmt":"2017-09-25T10:06:08","slug":"home","status":"publish","type":"page","link":"https:\/\/www.omstrap.it\/fr\/","title":{"rendered":"Home"},"content":{"rendered":"<p><strong>OMS Trap<\/strong> est une soci\u00e9t\u00e9 leader dans la production et vente de machines pour l\u2019emballage: cercleuses, banderoleuses de table, scotcheuses , appareils de cerclage \u00e0 batterie et pneumatiques, banderoleuses avec op\u00e9rateur et pour lignes automatiques, soudeuses \u00e0 cloche et accessoires pour l\u2019emballage.<\/p>\n<p>Nous produisons feuillard en polyester et polypropyl\u00e8ne avec des lignes d\u2019extrusions modernes afin d\u2019obtenir un produit d\u2019haute qualit\u00e9.<\/p>\n<p>Les cerceluses produites et commercialis\u00e9es par OMSTRAP peuvent \u00eatre utilis\u00e9s dans diff\u00e9rentes secteurs de l\u2019industrie.<\/p>\n","protected":false},"excerpt":{"rendered":"<p>OMS Trap est une soci\u00e9t\u00e9 leader dans la production et [&hellip;]<\/p>\n","protected":false},"author":4,"featured_media":1114,"parent":0,"menu_order":23,"comment_status":"open","ping_status":"closed","template":"","meta":{"footnotes":""},"class_list":["post-662","page","type-page","status-publish","has-post-thumbnail","hentry"],"yoast_head":"<!-- This site is optimized with the Yoast SEO plugin v27.3 - https:\/\/yoast.com\/product\/yoast-seo-wordpress\/ -->\n<title>Home - OMS Trap<\/title>\n<meta name=\"description\" content=\"OMS Trap est une soci\u00e9t\u00e9 leader dans la production et vente de machines pour l\u2019emballage: cercleuses, banderoleuses de table, scotcheuses , appareils de\" \/>\n<meta name=\"robots\" content=\"index, follow, max-snippet:-1, max-image-preview:large, max-video-preview:-1\" \/>\n<link rel=\"canonical\" href=\"https:\/\/www.omstrap.it\/\" \/>\n<meta property=\"og:locale\" content=\"fr_FR\" \/>\n<meta property=\"og:type\" content=\"article\" \/>\n<meta property=\"og:title\" content=\"Home - OMS Trap\" \/>\n<meta property=\"og:description\" content=\"OMS Trap est une soci\u00e9t\u00e9 leader dans la production et vente de machines pour l\u2019emballage: cercleuses, banderoleuses de table, scotcheuses , appareils de\" \/>\n<meta property=\"og:url\" content=\"https:\/\/www.omstrap.it\/\" \/>\n<meta property=\"og:site_name\" content=\"OMS Trap\" \/>\n<meta property=\"article:modified_time\" content=\"2017-09-25T10:06:08+00:00\" \/>\n<meta property=\"og:image\" content=\"https:\/\/www.omstrap.it\/wp-content\/uploads\/linea.png\" \/>\n\t<meta property=\"og:image:width\" content=\"677\" \/>\n\t<meta property=\"og:image:height\" content=\"350\" \/>\n\t<meta property=\"og:image:type\" content=\"image\/png\" \/>\n<script type=\"application\/ld+json\" class=\"yoast-schema-graph\">{\"@context\":\"https:\\\/\\\/schema.org\",\"@graph\":[{\"@type\":\"WebPage\",\"@id\":\"https:\\\/\\\/www.omstrap.it\\\/\",\"url\":\"https:\\\/\\\/www.omstrap.it\\\/\",\"name\":\"Home - OMS Trap\",\"isPartOf\":{\"@id\":\"https:\\\/\\\/www.omstrap.it\\\/#website\"},\"primaryImageOfPage\":{\"@id\":\"https:\\\/\\\/www.omstrap.it\\\/#primaryimage\"},\"image\":{\"@id\":\"https:\\\/\\\/www.omstrap.it\\\/#primaryimage\"},\"thumbnailUrl\":\"https:\\\/\\\/www.omstrap.it\\\/wp-content\\\/uploads\\\/linea.png\",\"datePublished\":\"2014-02-18T14:32:41+00:00\",\"dateModified\":\"2017-09-25T10:06:08+00:00\",\"description\":\"OMS Trap est une soci\u00e9t\u00e9 leader dans la production et vente de machines pour l\u2019emballage: cercleuses, banderoleuses de table, scotcheuses , appareils de\",\"breadcrumb\":{\"@id\":\"https:\\\/\\\/www.omstrap.it\\\/#breadcrumb\"},\"inLanguage\":\"fr-FR\",\"potentialAction\":[{\"@type\":\"ReadAction\",\"target\":[\"https:\\\/\\\/www.omstrap.it\\\/\"]}]},{\"@type\":\"ImageObject\",\"inLanguage\":\"fr-FR\",\"@id\":\"https:\\\/\\\/www.omstrap.it\\\/#primaryimage\",\"url\":\"https:\\\/\\\/www.omstrap.it\\\/wp-content\\\/uploads\\\/linea.png\",\"contentUrl\":\"https:\\\/\\\/www.omstrap.it\\\/wp-content\\\/uploads\\\/linea.png\",\"width\":677,\"height\":350},{\"@type\":\"BreadcrumbList\",\"@id\":\"https:\\\/\\\/www.omstrap.it\\\/#breadcrumb\",\"itemListElement\":[{\"@type\":\"ListItem\",\"position\":1,\"name\":\"Home\",\"item\":\"https:\\\/\\\/www.omstrap.it\\\/\"},{\"@type\":\"ListItem\",\"position\":2,\"name\":\"Home\"}]},{\"@type\":\"WebSite\",\"@id\":\"https:\\\/\\\/www.omstrap.it\\\/#website\",\"url\":\"https:\\\/\\\/www.omstrap.it\\\/\",\"name\":\"OMS Trap\",\"description\":\"\",\"potentialAction\":[{\"@type\":\"SearchAction\",\"target\":{\"@type\":\"EntryPoint\",\"urlTemplate\":\"https:\\\/\\\/www.omstrap.it\\\/?s={search_term_string}\"},\"query-input\":{\"@type\":\"PropertyValueSpecification\",\"valueRequired\":true,\"valueName\":\"search_term_string\"}}],\"inLanguage\":\"fr-FR\"}]}<\/script>\n<!-- \/ Yoast SEO plugin. -->","yoast_head_json":{"title":"Home - OMS Trap","description":"OMS Trap est une soci\u00e9t\u00e9 leader dans la production et vente de machines pour l\u2019emballage: cercleuses, banderoleuses de table, scotcheuses , appareils de","robots":{"index":"index","follow":"follow","max-snippet":"max-snippet:-1","max-image-preview":"max-image-preview:large","max-video-preview":"max-video-preview:-1"},"canonical":"https:\/\/www.omstrap.it\/","og_locale":"fr_FR","og_type":"article","og_title":"Home - OMS Trap","og_description":"OMS Trap est une soci\u00e9t\u00e9 leader dans la production et vente de machines pour l\u2019emballage: cercleuses, banderoleuses de table, scotcheuses , appareils de","og_url":"https:\/\/www.omstrap.it\/","og_site_name":"OMS Trap","article_modified_time":"2017-09-25T10:06:08+00:00","og_image":[{"width":677,"height":350,"url":"https:\/\/www.omstrap.it\/wp-content\/uploads\/linea.png","type":"image\/png"}],"schema":{"@context":"https:\/\/schema.org","@graph":[{"@type":"WebPage","@id":"https:\/\/www.omstrap.it\/","url":"https:\/\/www.omstrap.it\/","name":"Home - OMS Trap","isPartOf":{"@id":"https:\/\/www.omstrap.it\/#website"},"primaryImageOfPage":{"@id":"https:\/\/www.omstrap.it\/#primaryimage"},"image":{"@id":"https:\/\/www.omstrap.it\/#primaryimage"},"thumbnailUrl":"https:\/\/www.omstrap.it\/wp-content\/uploads\/linea.png","datePublished":"2014-02-18T14:32:41+00:00","dateModified":"2017-09-25T10:06:08+00:00","description":"OMS Trap est une soci\u00e9t\u00e9 leader dans la production et vente de machines pour l\u2019emballage: cercleuses, banderoleuses de table, scotcheuses , appareils de","breadcrumb":{"@id":"https:\/\/www.omstrap.it\/#breadcrumb"},"inLanguage":"fr-FR","potentialAction":[{"@type":"ReadAction","target":["https:\/\/www.omstrap.it\/"]}]},{"@type":"ImageObject","inLanguage":"fr-FR","@id":"https:\/\/www.omstrap.it\/#primaryimage","url":"https:\/\/www.omstrap.it\/wp-content\/uploads\/linea.png","contentUrl":"https:\/\/www.omstrap.it\/wp-content\/uploads\/linea.png","width":677,"height":350},{"@type":"BreadcrumbList","@id":"https:\/\/www.omstrap.it\/#breadcrumb","itemListElement":[{"@type":"ListItem","position":1,"name":"Home","item":"https:\/\/www.omstrap.it\/"},{"@type":"ListItem","position":2,"name":"Home"}]},{"@type":"WebSite","@id":"https:\/\/www.omstrap.it\/#website","url":"https:\/\/www.omstrap.it\/","name":"OMS Trap","description":"","potentialAction":[{"@type":"SearchAction","target":{"@type":"EntryPoint","urlTemplate":"https:\/\/www.omstrap.it\/?s={search_term_string}"},"query-input":{"@type":"PropertyValueSpecification","valueRequired":true,"valueName":"search_term_string"}}],"inLanguage":"fr-FR"}]}},"_links":{"self":[{"href":"https:\/\/www.omstrap.it\/fr\/wp-json\/wp\/v2\/pages\/662","targetHints":{"allow":["GET"]}}],"collection":[{"href":"https:\/\/www.omstrap.it\/fr\/wp-json\/wp\/v2\/pages"}],"about":[{"href":"https:\/\/www.omstrap.it\/fr\/wp-json\/wp\/v2\/types\/page"}],"author":[{"embeddable":true,"href":"https:\/\/www.omstrap.it\/fr\/wp-json\/wp\/v2\/users\/4"}],"replies":[{"embeddable":true,"href":"https:\/\/www.omstrap.it\/fr\/wp-json\/wp\/v2\/comments?post=662"}],"version-history":[{"count":13,"href":"https:\/\/www.omstrap.it\/fr\/wp-json\/wp\/v2\/pages\/662\/revisions"}],"predecessor-version":[{"id":2360,"href":"https:\/\/www.omstrap.it\/fr\/wp-json\/wp\/v2\/pages\/662\/revisions\/2360"}],"wp:featuredmedia":[{"embeddable":true,"href":"https:\/\/www.omstrap.it\/fr\/wp-json\/wp\/v2\/media\/1114"}],"wp:attachment":[{"href":"https:\/\/www.omstrap.it\/fr\/wp-json\/wp\/v2\/media?parent=662"}],"curies":[{"name":"wp","href":"https:\/\/api.w.org\/{rel}","templated":true}]}}