{"id":670,"date":"2014-02-18T15:43:23","date_gmt":"2014-02-18T14:43:23","guid":{"rendered":"http:\/\/www.omstrap.it\/?page_id=670"},"modified":"2017-09-27T09:53:54","modified_gmt":"2017-09-27T07:53:54","slug":"societe","status":"publish","type":"page","link":"https:\/\/www.omstrap.it\/fr\/societe\/","title":{"rendered":"Soci\u00e9t\u00e9"},"content":{"rendered":"<p>La soci\u00e9t\u00e9 dispose de lignes de production de pointe , qui permettent la production de feuilard en diff\u00e9rentes tailles et \u00e9paisseurs, en fonction de l&rsquo;usage auquel ils sont destin\u00e9s .<br \/>\nla feuillard produite \u00e0  la capacit\u00e9 d\u2019 \u00eatre personnalis\u00e9. L&rsquo;excellente qualit\u00e9 d&rsquo;impression en trois couleurs, vous permet de promouvoir et de renforcer la marque de l&rsquo;entreprise, le tout \u00e0 un co\u00fbt tr\u00e8s faible.<br \/>\nTous les feuillardes produites sont soumis \u00e0 des contr\u00f4les stricts de qualit\u00e9 qui garantissent une fiabilit\u00e9 totale.<br \/>\nLa feuillard en polypropyl\u00e8ne, 100% recyclable, permet aussi une \u00e9limination facile.<br \/>\nLa feuillard en polyester pr\u00e9sente des caract\u00e9ristiques de haute t\u00e9nacit\u00e9 tels qu&rsquo;ils peuvent remplacer la feuillard en acier. Particuli\u00e8rement adapt\u00e9 \u00e0 toutes les situations dans lesquelles les feuillardes de polypropyl\u00e8ne sont trop sollicit\u00e9e.<br \/>\nLa feuillard HOT MELT et COMPOSITE puevent etre utilis\u00e9e avec boucles dans les situations de conditionnement particuli\u00e8rement difficile.<\/p>\n<p><strong>Production, vente et asistence technique sur machines et materiaux pour l\u2019emballage<\/strong><br \/>\nApr\u00e8s 30 ans d&rsquo;exp\u00e9rience technique et commerciale dans le secteur de l&#8217;emballage, OMSTRAP est propos\u00e9 en tant que distributeur de cerclage pour les bo\u00eetes et cadres de magazines, tout en offrant des machines et du mat\u00e9riel d&#8217;emballage et consommables pour fournir une assistance technique \u00e0 360\u00b0.<\/p>\n","protected":false},"excerpt":{"rendered":"<p>La soci\u00e9t\u00e9 dispose de lignes de production de pointe , [&hellip;]<\/p>\n","protected":false},"author":4,"featured_media":1098,"parent":0,"menu_order":9,"comment_status":"open","ping_status":"open","template":"","meta":{"footnotes":""},"class_list":["post-670","page","type-page","status-publish","has-post-thumbnail","hentry"],"yoast_head":"<!-- This site is optimized with the Yoast SEO plugin v27.4 - https:\/\/yoast.com\/product\/yoast-seo-wordpress\/ -->\n<title>Soci\u00e9t\u00e9 - OMS Trap<\/title>\n<meta name=\"description\" content=\"La soci\u00e9t\u00e9 dispose de lignes de production de pointe , qui permettent la production de feuilard en diff\u00e9rentes tailles et \u00e9paisseurs, en fonction de\" \/>\n<meta name=\"robots\" content=\"index, follow, max-snippet:-1, max-image-preview:large, max-video-preview:-1\" \/>\n<link rel=\"canonical\" href=\"https:\/\/www.omstrap.it\/azienda\/\" \/>\n<meta property=\"og:locale\" content=\"fr_FR\" \/>\n<meta property=\"og:type\" content=\"article\" \/>\n<meta property=\"og:title\" content=\"Soci\u00e9t\u00e9 - OMS Trap\" \/>\n<meta property=\"og:description\" content=\"La soci\u00e9t\u00e9 dispose de lignes de production de pointe , qui permettent la production de feuilard en diff\u00e9rentes tailles et \u00e9paisseurs, en fonction de\" \/>\n<meta property=\"og:url\" content=\"https:\/\/www.omstrap.it\/azienda\/\" \/>\n<meta property=\"og:site_name\" content=\"OMS Trap\" \/>\n<meta property=\"article:modified_time\" content=\"2017-09-27T07:53:54+00:00\" \/>\n<meta property=\"og:image\" content=\"https:\/\/www.omstrap.it\/wp-content\/uploads\/slide.jpg\" \/>\n\t<meta property=\"og:image:width\" content=\"1300\" \/>\n\t<meta property=\"og:image:height\" content=\"886\" \/>\n\t<meta property=\"og:image:type\" content=\"image\/jpeg\" \/>\n<meta name=\"twitter:label1\" content=\"Dur\u00e9e de lecture estim\u00e9e\" \/>\n\t<meta name=\"twitter:data1\" content=\"1 minute\" \/>\n<script type=\"application\/ld+json\" class=\"yoast-schema-graph\">{\"@context\":\"https:\\\/\\\/schema.org\",\"@graph\":[{\"@type\":\"WebPage\",\"@id\":\"https:\\\/\\\/www.omstrap.it\\\/azienda\\\/\",\"url\":\"https:\\\/\\\/www.omstrap.it\\\/azienda\\\/\",\"name\":\"Soci\u00e9t\u00e9 - OMS Trap\",\"isPartOf\":{\"@id\":\"https:\\\/\\\/www.omstrap.it\\\/#website\"},\"primaryImageOfPage\":{\"@id\":\"https:\\\/\\\/www.omstrap.it\\\/azienda\\\/#primaryimage\"},\"image\":{\"@id\":\"https:\\\/\\\/www.omstrap.it\\\/azienda\\\/#primaryimage\"},\"thumbnailUrl\":\"https:\\\/\\\/www.omstrap.it\\\/wp-content\\\/uploads\\\/slide.jpg\",\"datePublished\":\"2014-02-18T14:43:23+00:00\",\"dateModified\":\"2017-09-27T07:53:54+00:00\",\"description\":\"La soci\u00e9t\u00e9 dispose de lignes de production de pointe , qui permettent la production de feuilard en diff\u00e9rentes tailles et \u00e9paisseurs, en fonction de\",\"breadcrumb\":{\"@id\":\"https:\\\/\\\/www.omstrap.it\\\/azienda\\\/#breadcrumb\"},\"inLanguage\":\"fr-FR\",\"potentialAction\":[{\"@type\":\"ReadAction\",\"target\":[\"https:\\\/\\\/www.omstrap.it\\\/azienda\\\/\"]}]},{\"@type\":\"ImageObject\",\"inLanguage\":\"fr-FR\",\"@id\":\"https:\\\/\\\/www.omstrap.it\\\/azienda\\\/#primaryimage\",\"url\":\"https:\\\/\\\/www.omstrap.it\\\/wp-content\\\/uploads\\\/slide.jpg\",\"contentUrl\":\"https:\\\/\\\/www.omstrap.it\\\/wp-content\\\/uploads\\\/slide.jpg\",\"width\":1300,\"height\":886},{\"@type\":\"BreadcrumbList\",\"@id\":\"https:\\\/\\\/www.omstrap.it\\\/azienda\\\/#breadcrumb\",\"itemListElement\":[{\"@type\":\"ListItem\",\"position\":1,\"name\":\"Home\",\"item\":\"https:\\\/\\\/www.omstrap.it\\\/\"},{\"@type\":\"ListItem\",\"position\":2,\"name\":\"Soci\u00e9t\u00e9\"}]},{\"@type\":\"WebSite\",\"@id\":\"https:\\\/\\\/www.omstrap.it\\\/#website\",\"url\":\"https:\\\/\\\/www.omstrap.it\\\/\",\"name\":\"OMS Trap\",\"description\":\"\",\"potentialAction\":[{\"@type\":\"SearchAction\",\"target\":{\"@type\":\"EntryPoint\",\"urlTemplate\":\"https:\\\/\\\/www.omstrap.it\\\/?s={search_term_string}\"},\"query-input\":{\"@type\":\"PropertyValueSpecification\",\"valueRequired\":true,\"valueName\":\"search_term_string\"}}],\"inLanguage\":\"fr-FR\"}]}<\/script>\n<!-- \/ Yoast SEO plugin. -->","yoast_head_json":{"title":"Soci\u00e9t\u00e9 - OMS Trap","description":"La soci\u00e9t\u00e9 dispose de lignes de production de pointe , qui permettent la production de feuilard en diff\u00e9rentes tailles et \u00e9paisseurs, en fonction de","robots":{"index":"index","follow":"follow","max-snippet":"max-snippet:-1","max-image-preview":"max-image-preview:large","max-video-preview":"max-video-preview:-1"},"canonical":"https:\/\/www.omstrap.it\/azienda\/","og_locale":"fr_FR","og_type":"article","og_title":"Soci\u00e9t\u00e9 - OMS Trap","og_description":"La soci\u00e9t\u00e9 dispose de lignes de production de pointe , qui permettent la production de feuilard en diff\u00e9rentes tailles et \u00e9paisseurs, en fonction de","og_url":"https:\/\/www.omstrap.it\/azienda\/","og_site_name":"OMS Trap","article_modified_time":"2017-09-27T07:53:54+00:00","og_image":[{"width":1300,"height":886,"url":"https:\/\/www.omstrap.it\/wp-content\/uploads\/slide.jpg","type":"image\/jpeg"}],"twitter_misc":{"Dur\u00e9e de lecture estim\u00e9e":"1 minute"},"schema":{"@context":"https:\/\/schema.org","@graph":[{"@type":"WebPage","@id":"https:\/\/www.omstrap.it\/azienda\/","url":"https:\/\/www.omstrap.it\/azienda\/","name":"Soci\u00e9t\u00e9 - OMS Trap","isPartOf":{"@id":"https:\/\/www.omstrap.it\/#website"},"primaryImageOfPage":{"@id":"https:\/\/www.omstrap.it\/azienda\/#primaryimage"},"image":{"@id":"https:\/\/www.omstrap.it\/azienda\/#primaryimage"},"thumbnailUrl":"https:\/\/www.omstrap.it\/wp-content\/uploads\/slide.jpg","datePublished":"2014-02-18T14:43:23+00:00","dateModified":"2017-09-27T07:53:54+00:00","description":"La soci\u00e9t\u00e9 dispose de lignes de production de pointe , qui permettent la production de feuilard en diff\u00e9rentes tailles et \u00e9paisseurs, en fonction de","breadcrumb":{"@id":"https:\/\/www.omstrap.it\/azienda\/#breadcrumb"},"inLanguage":"fr-FR","potentialAction":[{"@type":"ReadAction","target":["https:\/\/www.omstrap.it\/azienda\/"]}]},{"@type":"ImageObject","inLanguage":"fr-FR","@id":"https:\/\/www.omstrap.it\/azienda\/#primaryimage","url":"https:\/\/www.omstrap.it\/wp-content\/uploads\/slide.jpg","contentUrl":"https:\/\/www.omstrap.it\/wp-content\/uploads\/slide.jpg","width":1300,"height":886},{"@type":"BreadcrumbList","@id":"https:\/\/www.omstrap.it\/azienda\/#breadcrumb","itemListElement":[{"@type":"ListItem","position":1,"name":"Home","item":"https:\/\/www.omstrap.it\/"},{"@type":"ListItem","position":2,"name":"Soci\u00e9t\u00e9"}]},{"@type":"WebSite","@id":"https:\/\/www.omstrap.it\/#website","url":"https:\/\/www.omstrap.it\/","name":"OMS Trap","description":"","potentialAction":[{"@type":"SearchAction","target":{"@type":"EntryPoint","urlTemplate":"https:\/\/www.omstrap.it\/?s={search_term_string}"},"query-input":{"@type":"PropertyValueSpecification","valueRequired":true,"valueName":"search_term_string"}}],"inLanguage":"fr-FR"}]}},"_links":{"self":[{"href":"https:\/\/www.omstrap.it\/fr\/wp-json\/wp\/v2\/pages\/670","targetHints":{"allow":["GET"]}}],"collection":[{"href":"https:\/\/www.omstrap.it\/fr\/wp-json\/wp\/v2\/pages"}],"about":[{"href":"https:\/\/www.omstrap.it\/fr\/wp-json\/wp\/v2\/types\/page"}],"author":[{"embeddable":true,"href":"https:\/\/www.omstrap.it\/fr\/wp-json\/wp\/v2\/users\/4"}],"replies":[{"embeddable":true,"href":"https:\/\/www.omstrap.it\/fr\/wp-json\/wp\/v2\/comments?post=670"}],"version-history":[{"count":6,"href":"https:\/\/www.omstrap.it\/fr\/wp-json\/wp\/v2\/pages\/670\/revisions"}],"predecessor-version":[{"id":2410,"href":"https:\/\/www.omstrap.it\/fr\/wp-json\/wp\/v2\/pages\/670\/revisions\/2410"}],"wp:featuredmedia":[{"embeddable":true,"href":"https:\/\/www.omstrap.it\/fr\/wp-json\/wp\/v2\/media\/1098"}],"wp:attachment":[{"href":"https:\/\/www.omstrap.it\/fr\/wp-json\/wp\/v2\/media?parent=670"}],"curies":[{"name":"wp","href":"https:\/\/api.w.org\/{rel}","templated":true}]}}