{"id":676,"date":"2014-02-18T15:44:31","date_gmt":"2014-02-18T14:44:31","guid":{"rendered":"http:\/\/www.omstrap.it\/?page_id=676"},"modified":"2017-09-27T17:43:10","modified_gmt":"2017-09-27T15:43:10","slug":"groupe-oms","status":"publish","type":"page","link":"https:\/\/www.omstrap.it\/fr\/groupe-oms\/","title":{"rendered":"Groupe OMS"},"content":{"rendered":"<p>Le groupe a \u00e9t\u00e9 form\u00e9 en plus de la soci\u00e9t\u00e9 M\u00e8re, 10 soci\u00e9t\u00e9s op\u00e9rant sur le territoire national, en Europe et dans les Am\u00e9riques et en Asie.<\/p>\n<p><a title=\"OMS Group\" href=\"http:\/\/www.omsspa.com\/\" target=\"_blank\">OMS GROUP<\/a> propose sa gamme compl\u00e8te de machines d&#8217;emballage d\u00e9di\u00e9 \u00e0 la fin de la ligne: syst\u00e8mes complets pour le cerclage, r\u00e9tr\u00e9cir chaude et froide sont ses points forts.<\/p>\n<p>Un march\u00e9 qui se d\u00e9place de plus en plus vers des choix exigeants en termes \u00e9conomiques, de qualit\u00e9 et de production, a contribu\u00e9 \u00e0 <a title=\"OMS Group\" href=\"http:\/\/www.omsspa.com\/\" target=\"_blank\">OMS GROUP<\/a> \u00e0 la recherche de l&rsquo;optimisation de la fonctionnalit\u00e9 des machines, avec l&rsquo;objectif de r\u00e9duction des co\u00fbts de production.<\/p>\n<p><a title=\"OMS Group\" href=\"http:\/\/www.omsspa.com\/\" target=\"_blank\">OMS Groupe<\/a> en Italie est compos\u00e9 de 3 soci\u00e9t\u00e9s d&rsquo;exploitation ind\u00e9pendantes, op\u00e9rant dans les domaines de grand int\u00e9r\u00eat dans le domaine de l&#8217;emballage.<\/p>\n<ul>\n<li>OMS Officina Meccanica Sestese <a title=\"OMS Group\" href=\"http:\/\/www.omsspa.com\/prodotti.php\" target=\"_blank\">production de machines et installations d&#8217;emballage de fin  ligne et de carton<\/a>.<\/li>\n<li>Omstrap La production de  feuillard en PP et PET <\/li>\n<li>Marpak production des <a title=\"Marpak\" href=\"http:\/\/www.marpak.it\/it\/macchine\/speciale-ceramiche\/index.html\" target=\"_blank\">\u00e9quipements de conditionnement pour les ceramiques.<\/a><\/li>\n<\/ul>\n","protected":false},"excerpt":{"rendered":"<p>Le groupe a \u00e9t\u00e9 form\u00e9 en plus de la soci\u00e9t\u00e9 [&hellip;]<\/p>\n","protected":false},"author":4,"featured_media":0,"parent":0,"menu_order":30,"comment_status":"open","ping_status":"open","template":"","meta":{"footnotes":""},"class_list":["post-676","page","type-page","status-publish","hentry"],"yoast_head":"<!-- This site is optimized with the Yoast SEO plugin v27.3 - https:\/\/yoast.com\/product\/yoast-seo-wordpress\/ -->\n<title>Groupe OMS - OMS Trap<\/title>\n<meta name=\"description\" content=\"Le groupe a \u00e9t\u00e9 form\u00e9 en plus de la soci\u00e9t\u00e9 M\u00e8re, 10 soci\u00e9t\u00e9s op\u00e9rant sur le territoire national, en Europe et dans les Am\u00e9riques et en Asie. OMS GROUP\" \/>\n<meta name=\"robots\" content=\"index, follow, max-snippet:-1, max-image-preview:large, max-video-preview:-1\" \/>\n<link rel=\"canonical\" href=\"https:\/\/www.omstrap.it\/il-gruppo-oms\/\" \/>\n<meta property=\"og:locale\" content=\"fr_FR\" \/>\n<meta property=\"og:type\" content=\"article\" \/>\n<meta property=\"og:title\" content=\"Groupe OMS - OMS Trap\" \/>\n<meta property=\"og:description\" content=\"Le groupe a \u00e9t\u00e9 form\u00e9 en plus de la soci\u00e9t\u00e9 M\u00e8re, 10 soci\u00e9t\u00e9s op\u00e9rant sur le territoire national, en Europe et dans les Am\u00e9riques et en Asie. OMS GROUP\" \/>\n<meta property=\"og:url\" content=\"https:\/\/www.omstrap.it\/il-gruppo-oms\/\" \/>\n<meta property=\"og:site_name\" content=\"OMS Trap\" \/>\n<meta property=\"article:modified_time\" content=\"2017-09-27T15:43:10+00:00\" \/>\n<meta name=\"twitter:label1\" content=\"Dur\u00e9e de lecture estim\u00e9e\" \/>\n\t<meta name=\"twitter:data1\" content=\"1 minute\" \/>\n<script type=\"application\/ld+json\" class=\"yoast-schema-graph\">{\"@context\":\"https:\\\/\\\/schema.org\",\"@graph\":[{\"@type\":\"WebPage\",\"@id\":\"https:\\\/\\\/www.omstrap.it\\\/il-gruppo-oms\\\/\",\"url\":\"https:\\\/\\\/www.omstrap.it\\\/il-gruppo-oms\\\/\",\"name\":\"Groupe OMS - OMS Trap\",\"isPartOf\":{\"@id\":\"https:\\\/\\\/www.omstrap.it\\\/#website\"},\"datePublished\":\"2014-02-18T14:44:31+00:00\",\"dateModified\":\"2017-09-27T15:43:10+00:00\",\"description\":\"Le groupe a \u00e9t\u00e9 form\u00e9 en plus de la soci\u00e9t\u00e9 M\u00e8re, 10 soci\u00e9t\u00e9s op\u00e9rant sur le territoire national, en Europe et dans les Am\u00e9riques et en Asie. OMS GROUP\",\"breadcrumb\":{\"@id\":\"https:\\\/\\\/www.omstrap.it\\\/il-gruppo-oms\\\/#breadcrumb\"},\"inLanguage\":\"fr-FR\",\"potentialAction\":[{\"@type\":\"ReadAction\",\"target\":[\"https:\\\/\\\/www.omstrap.it\\\/il-gruppo-oms\\\/\"]}]},{\"@type\":\"BreadcrumbList\",\"@id\":\"https:\\\/\\\/www.omstrap.it\\\/il-gruppo-oms\\\/#breadcrumb\",\"itemListElement\":[{\"@type\":\"ListItem\",\"position\":1,\"name\":\"Home\",\"item\":\"https:\\\/\\\/www.omstrap.it\\\/\"},{\"@type\":\"ListItem\",\"position\":2,\"name\":\"Groupe OMS\"}]},{\"@type\":\"WebSite\",\"@id\":\"https:\\\/\\\/www.omstrap.it\\\/#website\",\"url\":\"https:\\\/\\\/www.omstrap.it\\\/\",\"name\":\"OMS Trap\",\"description\":\"\",\"potentialAction\":[{\"@type\":\"SearchAction\",\"target\":{\"@type\":\"EntryPoint\",\"urlTemplate\":\"https:\\\/\\\/www.omstrap.it\\\/?s={search_term_string}\"},\"query-input\":{\"@type\":\"PropertyValueSpecification\",\"valueRequired\":true,\"valueName\":\"search_term_string\"}}],\"inLanguage\":\"fr-FR\"}]}<\/script>\n<!-- \/ Yoast SEO plugin. -->","yoast_head_json":{"title":"Groupe OMS - OMS Trap","description":"Le groupe a \u00e9t\u00e9 form\u00e9 en plus de la soci\u00e9t\u00e9 M\u00e8re, 10 soci\u00e9t\u00e9s op\u00e9rant sur le territoire national, en Europe et dans les Am\u00e9riques et en Asie. OMS GROUP","robots":{"index":"index","follow":"follow","max-snippet":"max-snippet:-1","max-image-preview":"max-image-preview:large","max-video-preview":"max-video-preview:-1"},"canonical":"https:\/\/www.omstrap.it\/il-gruppo-oms\/","og_locale":"fr_FR","og_type":"article","og_title":"Groupe OMS - OMS Trap","og_description":"Le groupe a \u00e9t\u00e9 form\u00e9 en plus de la soci\u00e9t\u00e9 M\u00e8re, 10 soci\u00e9t\u00e9s op\u00e9rant sur le territoire national, en Europe et dans les Am\u00e9riques et en Asie. OMS GROUP","og_url":"https:\/\/www.omstrap.it\/il-gruppo-oms\/","og_site_name":"OMS Trap","article_modified_time":"2017-09-27T15:43:10+00:00","twitter_misc":{"Dur\u00e9e de lecture estim\u00e9e":"1 minute"},"schema":{"@context":"https:\/\/schema.org","@graph":[{"@type":"WebPage","@id":"https:\/\/www.omstrap.it\/il-gruppo-oms\/","url":"https:\/\/www.omstrap.it\/il-gruppo-oms\/","name":"Groupe OMS - OMS Trap","isPartOf":{"@id":"https:\/\/www.omstrap.it\/#website"},"datePublished":"2014-02-18T14:44:31+00:00","dateModified":"2017-09-27T15:43:10+00:00","description":"Le groupe a \u00e9t\u00e9 form\u00e9 en plus de la soci\u00e9t\u00e9 M\u00e8re, 10 soci\u00e9t\u00e9s op\u00e9rant sur le territoire national, en Europe et dans les Am\u00e9riques et en Asie. OMS GROUP","breadcrumb":{"@id":"https:\/\/www.omstrap.it\/il-gruppo-oms\/#breadcrumb"},"inLanguage":"fr-FR","potentialAction":[{"@type":"ReadAction","target":["https:\/\/www.omstrap.it\/il-gruppo-oms\/"]}]},{"@type":"BreadcrumbList","@id":"https:\/\/www.omstrap.it\/il-gruppo-oms\/#breadcrumb","itemListElement":[{"@type":"ListItem","position":1,"name":"Home","item":"https:\/\/www.omstrap.it\/"},{"@type":"ListItem","position":2,"name":"Groupe OMS"}]},{"@type":"WebSite","@id":"https:\/\/www.omstrap.it\/#website","url":"https:\/\/www.omstrap.it\/","name":"OMS Trap","description":"","potentialAction":[{"@type":"SearchAction","target":{"@type":"EntryPoint","urlTemplate":"https:\/\/www.omstrap.it\/?s={search_term_string}"},"query-input":{"@type":"PropertyValueSpecification","valueRequired":true,"valueName":"search_term_string"}}],"inLanguage":"fr-FR"}]}},"_links":{"self":[{"href":"https:\/\/www.omstrap.it\/fr\/wp-json\/wp\/v2\/pages\/676","targetHints":{"allow":["GET"]}}],"collection":[{"href":"https:\/\/www.omstrap.it\/fr\/wp-json\/wp\/v2\/pages"}],"about":[{"href":"https:\/\/www.omstrap.it\/fr\/wp-json\/wp\/v2\/types\/page"}],"author":[{"embeddable":true,"href":"https:\/\/www.omstrap.it\/fr\/wp-json\/wp\/v2\/users\/4"}],"replies":[{"embeddable":true,"href":"https:\/\/www.omstrap.it\/fr\/wp-json\/wp\/v2\/comments?post=676"}],"version-history":[{"count":5,"href":"https:\/\/www.omstrap.it\/fr\/wp-json\/wp\/v2\/pages\/676\/revisions"}],"predecessor-version":[{"id":2414,"href":"https:\/\/www.omstrap.it\/fr\/wp-json\/wp\/v2\/pages\/676\/revisions\/2414"}],"wp:attachment":[{"href":"https:\/\/www.omstrap.it\/fr\/wp-json\/wp\/v2\/media?parent=676"}],"curies":[{"name":"wp","href":"https:\/\/api.w.org\/{rel}","templated":true}]}}