{"id":694,"date":"2014-02-18T15:57:04","date_gmt":"2014-02-18T14:57:04","guid":{"rendered":"http:\/\/www.omstrap.it\/?page_id=694"},"modified":"2017-09-27T17:47:10","modified_gmt":"2017-09-27T15:47:10","slug":"services-2","status":"publish","type":"page","link":"https:\/\/www.omstrap.it\/fr\/services-2\/","title":{"rendered":"Services"},"content":{"rendered":"<p>L&rsquo;exp\u00e9rience de <strong>OMSTRAP<\/strong>\u00a0dans le domaine de l&rsquo;assistance technique, nous permet d&rsquo;affirmer que l&rsquo;application de cette r\u00e8gle simple, vous permet d\u2019 optimiser vos co\u00fbts d&rsquo;exploitation et assure l&rsquo;efficacit\u00e9 au sein de votre cha\u00eene d&rsquo;approvisionnement. <strong>OMSTRAP<\/strong> personnalise les contrats d\u2019assistence pr\u00e9vu en fonction des besoins de votre entreprise.<br \/>\n<strong>OMSTRAP<\/strong> offre \u00e9galement la possibilit\u00e9 de contrats de location personnalis\u00e9es afin d&rsquo;optimiser votre investissement.<\/p>\n<p><strong>Service assistence technique<\/strong><br \/>\nLa strat\u00e9gie du Groupe  <strong>OMS<\/strong> est d&rsquo;investir dans les ressources humaines. L&rsquo;importance de ce choix prot\u00e8ge la satisfaction du client consid\u00e9r\u00e9 comme la principale source de notre entreprise. Hommes motiv\u00e9s et pr\u00e9par\u00e9s assurer une assistance technique pr\u00e9cise et en temps opportun.<\/p>\n<p><strong>Piece de rechange originaux<\/strong><br \/>\nLa vitesse de traitement des commandes est garantie par une reprise de l&rsquo;entrep\u00f4t int\u00e9gr\u00e9. Cela nous permet de soutenir notre croissance sur le march\u00e9.<\/p>\n","protected":false},"excerpt":{"rendered":"<p>L&rsquo;exp\u00e9rience de OMSTRAP\u00a0dans le domaine de l&rsquo;assistance technique, nous permet [&hellip;]<\/p>\n","protected":false},"author":4,"featured_media":0,"parent":0,"menu_order":34,"comment_status":"open","ping_status":"open","template":"","meta":{"footnotes":""},"class_list":["post-694","page","type-page","status-publish","hentry"],"yoast_head":"<!-- This site is optimized with the Yoast SEO plugin v27.4 - https:\/\/yoast.com\/product\/yoast-seo-wordpress\/ -->\n<title>Services - OMS Trap<\/title>\n<meta name=\"description\" content=\"L&#039;exp\u00e9rience de OMSTRAP\u00a0dans le domaine de l&#039;assistance technique, nous permet d&#039;affirmer que l&#039;application de cette r\u00e8gle simple, vous permet d\u2019\" \/>\n<meta name=\"robots\" content=\"index, follow, max-snippet:-1, max-image-preview:large, max-video-preview:-1\" \/>\n<link rel=\"canonical\" href=\"https:\/\/www.omstrap.it\/servizi\/\" \/>\n<meta property=\"og:locale\" content=\"fr_FR\" \/>\n<meta property=\"og:type\" content=\"article\" \/>\n<meta property=\"og:title\" content=\"Services - OMS Trap\" \/>\n<meta property=\"og:description\" content=\"L&#039;exp\u00e9rience de OMSTRAP\u00a0dans le domaine de l&#039;assistance technique, nous permet d&#039;affirmer que l&#039;application de cette r\u00e8gle simple, vous permet d\u2019\" \/>\n<meta property=\"og:url\" content=\"https:\/\/www.omstrap.it\/servizi\/\" \/>\n<meta property=\"og:site_name\" content=\"OMS Trap\" \/>\n<meta property=\"article:modified_time\" content=\"2017-09-27T15:47:10+00:00\" \/>\n<meta name=\"twitter:label1\" content=\"Dur\u00e9e de lecture estim\u00e9e\" \/>\n\t<meta name=\"twitter:data1\" content=\"1 minute\" \/>\n<script type=\"application\/ld+json\" class=\"yoast-schema-graph\">{\"@context\":\"https:\\\/\\\/schema.org\",\"@graph\":[{\"@type\":\"WebPage\",\"@id\":\"https:\\\/\\\/www.omstrap.it\\\/servizi\\\/\",\"url\":\"https:\\\/\\\/www.omstrap.it\\\/servizi\\\/\",\"name\":\"Services - OMS Trap\",\"isPartOf\":{\"@id\":\"https:\\\/\\\/www.omstrap.it\\\/#website\"},\"datePublished\":\"2014-02-18T14:57:04+00:00\",\"dateModified\":\"2017-09-27T15:47:10+00:00\",\"description\":\"L'exp\u00e9rience de OMSTRAP\u00a0dans le domaine de l'assistance technique, nous permet d'affirmer que l'application de cette r\u00e8gle simple, vous permet d\u2019\",\"breadcrumb\":{\"@id\":\"https:\\\/\\\/www.omstrap.it\\\/servizi\\\/#breadcrumb\"},\"inLanguage\":\"fr-FR\",\"potentialAction\":[{\"@type\":\"ReadAction\",\"target\":[\"https:\\\/\\\/www.omstrap.it\\\/servizi\\\/\"]}]},{\"@type\":\"BreadcrumbList\",\"@id\":\"https:\\\/\\\/www.omstrap.it\\\/servizi\\\/#breadcrumb\",\"itemListElement\":[{\"@type\":\"ListItem\",\"position\":1,\"name\":\"Home\",\"item\":\"https:\\\/\\\/www.omstrap.it\\\/\"},{\"@type\":\"ListItem\",\"position\":2,\"name\":\"Services\"}]},{\"@type\":\"WebSite\",\"@id\":\"https:\\\/\\\/www.omstrap.it\\\/#website\",\"url\":\"https:\\\/\\\/www.omstrap.it\\\/\",\"name\":\"OMS Trap\",\"description\":\"\",\"potentialAction\":[{\"@type\":\"SearchAction\",\"target\":{\"@type\":\"EntryPoint\",\"urlTemplate\":\"https:\\\/\\\/www.omstrap.it\\\/?s={search_term_string}\"},\"query-input\":{\"@type\":\"PropertyValueSpecification\",\"valueRequired\":true,\"valueName\":\"search_term_string\"}}],\"inLanguage\":\"fr-FR\"}]}<\/script>\n<!-- \/ Yoast SEO plugin. -->","yoast_head_json":{"title":"Services - OMS Trap","description":"L'exp\u00e9rience de OMSTRAP\u00a0dans le domaine de l'assistance technique, nous permet d'affirmer que l'application de cette r\u00e8gle simple, vous permet d\u2019","robots":{"index":"index","follow":"follow","max-snippet":"max-snippet:-1","max-image-preview":"max-image-preview:large","max-video-preview":"max-video-preview:-1"},"canonical":"https:\/\/www.omstrap.it\/servizi\/","og_locale":"fr_FR","og_type":"article","og_title":"Services - OMS Trap","og_description":"L'exp\u00e9rience de OMSTRAP\u00a0dans le domaine de l'assistance technique, nous permet d'affirmer que l'application de cette r\u00e8gle simple, vous permet d\u2019","og_url":"https:\/\/www.omstrap.it\/servizi\/","og_site_name":"OMS Trap","article_modified_time":"2017-09-27T15:47:10+00:00","twitter_misc":{"Dur\u00e9e de lecture estim\u00e9e":"1 minute"},"schema":{"@context":"https:\/\/schema.org","@graph":[{"@type":"WebPage","@id":"https:\/\/www.omstrap.it\/servizi\/","url":"https:\/\/www.omstrap.it\/servizi\/","name":"Services - OMS Trap","isPartOf":{"@id":"https:\/\/www.omstrap.it\/#website"},"datePublished":"2014-02-18T14:57:04+00:00","dateModified":"2017-09-27T15:47:10+00:00","description":"L'exp\u00e9rience de OMSTRAP\u00a0dans le domaine de l'assistance technique, nous permet d'affirmer que l'application de cette r\u00e8gle simple, vous permet d\u2019","breadcrumb":{"@id":"https:\/\/www.omstrap.it\/servizi\/#breadcrumb"},"inLanguage":"fr-FR","potentialAction":[{"@type":"ReadAction","target":["https:\/\/www.omstrap.it\/servizi\/"]}]},{"@type":"BreadcrumbList","@id":"https:\/\/www.omstrap.it\/servizi\/#breadcrumb","itemListElement":[{"@type":"ListItem","position":1,"name":"Home","item":"https:\/\/www.omstrap.it\/"},{"@type":"ListItem","position":2,"name":"Services"}]},{"@type":"WebSite","@id":"https:\/\/www.omstrap.it\/#website","url":"https:\/\/www.omstrap.it\/","name":"OMS Trap","description":"","potentialAction":[{"@type":"SearchAction","target":{"@type":"EntryPoint","urlTemplate":"https:\/\/www.omstrap.it\/?s={search_term_string}"},"query-input":{"@type":"PropertyValueSpecification","valueRequired":true,"valueName":"search_term_string"}}],"inLanguage":"fr-FR"}]}},"_links":{"self":[{"href":"https:\/\/www.omstrap.it\/fr\/wp-json\/wp\/v2\/pages\/694","targetHints":{"allow":["GET"]}}],"collection":[{"href":"https:\/\/www.omstrap.it\/fr\/wp-json\/wp\/v2\/pages"}],"about":[{"href":"https:\/\/www.omstrap.it\/fr\/wp-json\/wp\/v2\/types\/page"}],"author":[{"embeddable":true,"href":"https:\/\/www.omstrap.it\/fr\/wp-json\/wp\/v2\/users\/4"}],"replies":[{"embeddable":true,"href":"https:\/\/www.omstrap.it\/fr\/wp-json\/wp\/v2\/comments?post=694"}],"version-history":[{"count":3,"href":"https:\/\/www.omstrap.it\/fr\/wp-json\/wp\/v2\/pages\/694\/revisions"}],"predecessor-version":[{"id":2418,"href":"https:\/\/www.omstrap.it\/fr\/wp-json\/wp\/v2\/pages\/694\/revisions\/2418"}],"wp:attachment":[{"href":"https:\/\/www.omstrap.it\/fr\/wp-json\/wp\/v2\/media?parent=694"}],"curies":[{"name":"wp","href":"https:\/\/api.w.org\/{rel}","templated":true}]}}